{"id":1038,"date":"2025-05-01T13:49:53","date_gmt":"2025-05-01T13:49:53","guid":{"rendered":"http:\/\/dummy.xtemos.com\/woodmart2\/elementor\/?page_id=1038"},"modified":"2025-05-29T07:38:43","modified_gmt":"2025-05-29T07:38:43","slug":"pocetna","status":"publish","type":"page","link":"https:\/\/djerkoulica.com\/","title":{"rendered":"Po\u010detna"},"content":{"rendered":"\t\t<div data-elementor-type=\"wp-page\" data-elementor-id=\"1038\" class=\"elementor elementor-1038\">\n\t\t\t\t\t\t<section class=\"wd-negative-gap elementor-section elementor-top-section elementor-element elementor-element-3baf5da4 wd-section-stretch-content elementor-section-boxed elementor-section-height-default elementor-section-height-default\" data-id=\"3baf5da4\" data-element_type=\"section\">\n\t\t\t\t\t\t<div class=\"elementor-container elementor-column-gap-no\">\n\t\t\t\t\t<div class=\"elementor-column elementor-col-100 elementor-top-column elementor-element elementor-element-360065ee\" data-id=\"360065ee\" data-element_type=\"column\">\n\t\t\t<div class=\"elementor-widget-wrap elementor-element-populated\">\n\t\t\t\t\t\t<div class=\"elementor-element elementor-element-9158162 elementor-widget elementor-widget-wd_image_or_svg\" data-id=\"9158162\" data-element_type=\"widget\" data-widget_type=\"wd_image_or_svg.default\">\n\t\t\t\t<div class=\"elementor-widget-container\">\n\t\t\t\t\t\n\t\t<div class=\"wd-image text-center\">\n\t\t\t\t\t\t\t\t<img fetchpriority=\"high\" decoding=\"async\" width=\"1208\" height=\"500\" src=\"https:\/\/djerkoulica.com\/wp-content\/uploads\/2025\/05\/kontakt-logo.jpg\" class=\"attachment-full size-full\" alt=\"\" srcset=\"https:\/\/djerkoulica.com\/wp-content\/uploads\/2025\/05\/kontakt-logo.jpg 1208w, https:\/\/djerkoulica.com\/wp-content\/uploads\/2025\/05\/kontakt-logo-400x166.jpg 400w, https:\/\/djerkoulica.com\/wp-content\/uploads\/2025\/05\/kontakt-logo-768x318.jpg 768w, https:\/\/djerkoulica.com\/wp-content\/uploads\/2025\/05\/kontakt-logo-430x178.jpg 430w, https:\/\/djerkoulica.com\/wp-content\/uploads\/2025\/05\/kontakt-logo-700x290.jpg 700w, https:\/\/djerkoulica.com\/wp-content\/uploads\/2025\/05\/kontakt-logo-150x62.jpg 150w\" sizes=\"(max-width: 1208px) 100vw, 1208px\" \/>\t\t\t\t\t<\/div>\n\n\t\t\t\t\t\t<\/div>\n\t\t\t\t<\/div>\n\t\t\t\t\t<\/div>\n\t\t<\/div>\n\t\t\t\t\t<\/div>\n\t\t<\/section>\n\t\t\t\t<section class=\"wd-negative-gap elementor-section elementor-top-section elementor-element elementor-element-5cf79352 elementor-section-boxed elementor-section-height-default elementor-section-height-default\" data-id=\"5cf79352\" data-element_type=\"section\">\n\t\t\t\t\t\t<div class=\"elementor-container elementor-column-gap-default\">\n\t\t\t\t\t<div class=\"elementor-column elementor-col-100 elementor-top-column elementor-element elementor-element-7c23fb2f\" data-id=\"7c23fb2f\" data-element_type=\"column\">\n\t\t\t<div class=\"elementor-widget-wrap elementor-element-populated\">\n\t\t\t\t\t\t<div class=\"elementor-element elementor-element-570f022 elementor-widget elementor-widget-wd_text_block\" data-id=\"570f022\" data-element_type=\"widget\" data-widget_type=\"wd_text_block.default\">\n\t\t\t\t<div class=\"elementor-widget-container\">\n\t\t\t\t\t\t\t<div class=\"wd-text-block reset-last-child text-left\">\n\t\t\t\n\t\t\t<h1 style=\"text-align: center; font-size: 42px;\">DJERKO ULICA<\/h1>\n\t\t\t\t\t<\/div>\n\t\t\t\t\t\t<\/div>\n\t\t\t\t<\/div>\n\t\t\t\t\t<\/div>\n\t\t<\/div>\n\t\t\t\t\t<\/div>\n\t\t<\/section>\n\t\t<div class=\"wd-negative-gap elementor-element elementor-element-7871021 e-flex e-con-boxed e-con e-parent\" data-id=\"7871021\" data-element_type=\"container\">\n\t\t\t\t\t<div class=\"e-con-inner\">\n\t\t\t\t<div class=\"elementor-element elementor-element-4b87dc5 elementor-widget elementor-widget-wd_image_or_svg\" data-id=\"4b87dc5\" data-element_type=\"widget\" data-widget_type=\"wd_image_or_svg.default\">\n\t\t\t\t<div class=\"elementor-widget-container\">\n\t\t\t\t\t\n\t\t<div class=\"wd-image text-center\">\n\t\t\t\t\t\t\t\t<img decoding=\"async\" width=\"511\" height=\"202\" src=\"https:\/\/djerkoulica.com\/wp-content\/uploads\/2025\/05\/totitakide-black.png\" class=\"attachment-full size-full\" alt=\"\" srcset=\"https:\/\/djerkoulica.com\/wp-content\/uploads\/2025\/05\/totitakide-black.png 511w, https:\/\/djerkoulica.com\/wp-content\/uploads\/2025\/05\/totitakide-black-400x158.png 400w, https:\/\/djerkoulica.com\/wp-content\/uploads\/2025\/05\/totitakide-black-430x170.png 430w, https:\/\/djerkoulica.com\/wp-content\/uploads\/2025\/05\/totitakide-black-150x59.png 150w\" sizes=\"(max-width: 511px) 100vw, 511px\" \/>\t\t\t\t\t<\/div>\n\n\t\t\t\t\t\t<\/div>\n\t\t\t\t<\/div>\n\t\t\t\t\t<\/div>\n\t\t\t\t<\/div>\n\t\t<div class=\"wd-negative-gap elementor-element elementor-element-1293ff7 e-flex e-con-boxed e-con e-parent\" data-id=\"1293ff7\" data-element_type=\"container\">\n\t\t\t\t\t<div class=\"e-con-inner\">\n\t\t\t\t<div class=\"elementor-element elementor-element-e160bb3 elementor-widget elementor-widget-wd_text_block\" data-id=\"e160bb3\" data-element_type=\"widget\" data-widget_type=\"wd_text_block.default\">\n\t\t\t\t<div class=\"elementor-widget-container\">\n\t\t\t\t\t\t\t<div class=\"wd-text-block reset-last-child text-left\">\n\t\t\t\n\t\t\t<iframe title=\"YouTube video player\" src=\"https:\/\/www.youtube.com\/embed\/qUR5eUNd5-k?si=anyP6r4U0X5OPstn\" frameborder=\"0\" allowfullscreen=\"allowfullscreen\"\nstyle=\"width: 100%; min-height: calc(100vh * 0.75)\"\n><\/iframe>\n\t\t\t\t\t<\/div>\n\t\t\t\t\t\t<\/div>\n\t\t\t\t<\/div>\n\t\t\t\t\t<\/div>\n\t\t\t\t<\/div>\n\t\t<div class=\"wd-negative-gap elementor-element elementor-element-ce12c96 e-flex e-con-boxed e-con e-parent\" data-id=\"ce12c96\" data-element_type=\"container\">\n\t\t\t\t\t<div class=\"e-con-inner\">\n\t\t\t\t<div class=\"elementor-element elementor-element-101541e elementor-widget elementor-widget-wd_text_block\" data-id=\"101541e\" data-element_type=\"widget\" data-widget_type=\"wd_text_block.default\">\n\t\t\t\t<div class=\"elementor-widget-container\">\n\t\t\t\t\t\t\t<div class=\"wd-text-block reset-last-child text-left\">\n\t\t\t\n\t\t\t<h1 style=\"text-align: center; font-size: 50px;\">TKO JE DJERKO ULICA<\/h1>\n<p style=\"text-align: center; font-size: 16px; font-weight: bold;\">Djerko Ulica, pravim imenom Ru\u0111er Brki\u0107, mladi je zagreba\u010dki reper koji je svojom pjesmom \"To ti je tak\" osvojio srca navija\u010da Dinama i \u0161ire publike. Odrastao u kvartu Stenjevec, Djerko je uvijek imao sna\u017enu povezanost s lokalnom zajednicom, a inspiraciju crpi iz svakodnevnog \u017eivota na ulicama Zagreba. Njegov jedinstveni stil, energija i neposredan na\u010din izra\u017eavanja brzo su ga u\u010dinili omiljenim likom na hrvatskoj glazbenoj sceni.<\/p>\n\t\t\t\t\t<\/div>\n\t\t\t\t\t\t<\/div>\n\t\t\t\t<\/div>\n\t\t\t\t\t<\/div>\n\t\t\t\t<\/div>\n\t\t<div class=\"wd-negative-gap elementor-element elementor-element-5fa5c95 e-flex e-con-boxed e-con e-parent\" data-id=\"5fa5c95\" data-element_type=\"container\">\n\t\t\t\t\t<div class=\"e-con-inner\">\n\t\t\t\t<div class=\"elementor-element elementor-element-2ef97ea elementor-widget elementor-widget-wd_image_or_svg\" data-id=\"2ef97ea\" data-element_type=\"widget\" data-widget_type=\"wd_image_or_svg.default\">\n\t\t\t\t<div class=\"elementor-widget-container\">\n\t\t\t\t\t\n\t\t<div class=\"wd-image text-left\">\n\t\t\t\t\t\t\t\t<img decoding=\"async\" width=\"1555\" height=\"1036\" src=\"https:\/\/djerkoulica.com\/wp-content\/uploads\/2025\/05\/ekipa.jpg\" class=\"attachment-full size-full\" alt=\"\" srcset=\"https:\/\/djerkoulica.com\/wp-content\/uploads\/2025\/05\/ekipa.jpg 1555w, https:\/\/djerkoulica.com\/wp-content\/uploads\/2025\/05\/ekipa-400x266.jpg 400w, https:\/\/djerkoulica.com\/wp-content\/uploads\/2025\/05\/ekipa-1201x800.jpg 1201w, https:\/\/djerkoulica.com\/wp-content\/uploads\/2025\/05\/ekipa-768x512.jpg 768w, https:\/\/djerkoulica.com\/wp-content\/uploads\/2025\/05\/ekipa-1536x1023.jpg 1536w, https:\/\/djerkoulica.com\/wp-content\/uploads\/2025\/05\/ekipa-430x286.jpg 430w, https:\/\/djerkoulica.com\/wp-content\/uploads\/2025\/05\/ekipa-700x466.jpg 700w, https:\/\/djerkoulica.com\/wp-content\/uploads\/2025\/05\/ekipa-150x100.jpg 150w\" sizes=\"(max-width: 1555px) 100vw, 1555px\" \/>\t\t\t\t\t<\/div>\n\n\t\t\t\t\t\t<\/div>\n\t\t\t\t<\/div>\n\t\t\t\t\t<\/div>\n\t\t\t\t<\/div>\n\t\t\t\t<\/div>\n\t\t","protected":false},"excerpt":{"rendered":"<p>DJERKO ULICA TKO JE DJERKO ULICA Djerko Ulica, pravim imenom Ru\u0111er Brki\u0107, mladi je zagreba\u010dki reper koji je svojom pjesmom<\/p>\n","protected":false},"author":1,"featured_media":0,"parent":0,"menu_order":0,"comment_status":"closed","ping_status":"closed","template":"","meta":{"footnotes":""},"class_list":["post-1038","page","type-page","status-publish","hentry"],"_links":{"self":[{"href":"https:\/\/djerkoulica.com\/index.php\/wp-json\/wp\/v2\/pages\/1038","targetHints":{"allow":["GET"]}}],"collection":[{"href":"https:\/\/djerkoulica.com\/index.php\/wp-json\/wp\/v2\/pages"}],"about":[{"href":"https:\/\/djerkoulica.com\/index.php\/wp-json\/wp\/v2\/types\/page"}],"author":[{"embeddable":true,"href":"https:\/\/djerkoulica.com\/index.php\/wp-json\/wp\/v2\/users\/1"}],"replies":[{"embeddable":true,"href":"https:\/\/djerkoulica.com\/index.php\/wp-json\/wp\/v2\/comments?post=1038"}],"version-history":[{"count":46,"href":"https:\/\/djerkoulica.com\/index.php\/wp-json\/wp\/v2\/pages\/1038\/revisions"}],"predecessor-version":[{"id":15842,"href":"https:\/\/djerkoulica.com\/index.php\/wp-json\/wp\/v2\/pages\/1038\/revisions\/15842"}],"wp:attachment":[{"href":"https:\/\/djerkoulica.com\/index.php\/wp-json\/wp\/v2\/media?parent=1038"}],"curies":[{"name":"wp","href":"https:\/\/api.w.org\/{rel}","templated":true}]}}