{"id":15778,"date":"2025-05-28T12:35:04","date_gmt":"2025-05-28T12:35:04","guid":{"rendered":"https:\/\/djerkoulica.com\/?page_id=15778"},"modified":"2025-05-29T08:31:05","modified_gmt":"2025-05-29T08:31:05","slug":"djerko-shop","status":"publish","type":"page","link":"https:\/\/djerkoulica.com\/index.php\/djerko-shop\/","title":{"rendered":"SHOP"},"content":{"rendered":"\t\t<div data-elementor-type=\"wp-page\" data-elementor-id=\"15778\" class=\"elementor elementor-15778\">\n\t\t\t\t<div class=\"wd-negative-gap elementor-element elementor-element-956e9c8 e-flex e-con-boxed e-con e-parent\" data-id=\"956e9c8\" data-element_type=\"container\">\n\t\t\t\t\t<div class=\"e-con-inner\">\n\t\t\t\t<div class=\"elementor-element elementor-element-af5e565 elementor-widget elementor-widget-wd_text_block\" data-id=\"af5e565\" data-element_type=\"widget\" data-widget_type=\"wd_text_block.default\">\n\t\t\t\t<div class=\"elementor-widget-container\">\n\t\t\t\t\t\t\t<div class=\"wd-text-block reset-last-child text-left\">\n\t\t\t\n\t\t\t<p style=\"text-align: center; font-size: 16px; font-weight: bold;\">Djerko Ulica nastavlja \u0161iriti svoju kreativnost i pozitivnu energiju, ovog puta kroz modni svijet. Limitirana kolekcija majici s motivom klokana, u potpunosti izra\u0111ena u Hrvatskoj, savr\u0161en je spoj uli\u010dne kulture i lokalne izvrsnosti. Kroz ovu kolekciju, Djerko ne samo da dijeli dio svoje pri\u010de, ve\u0107 poziva svoju publiku da postanu dio nje. Nosite svoj stil s ponosom \u2013 nosite Djerka Ulicu.<\/p>\n\t\t\t\t\t<\/div>\n\t\t\t\t\t\t<\/div>\n\t\t\t\t<\/div>\n\t\t\t\t\t<\/div>\n\t\t\t\t<\/div>\n\t\t<div class=\"wd-negative-gap elementor-element elementor-element-4a9a17c e-flex e-con-boxed e-con e-parent\" data-id=\"4a9a17c\" data-element_type=\"container\">\n\t\t\t\t\t<div class=\"e-con-inner\">\n\t\t\t\t<div class=\"elementor-element elementor-element-576aa02 elementor-widget elementor-widget-wd_button\" data-id=\"576aa02\" data-element_type=\"widget\" data-widget_type=\"wd_button.default\">\n\t\t\t\t<div class=\"elementor-widget-container\">\n\t\t\t\t\t\t\t<div class=\"wd-button-wrapper text-center\" >\n\t\t\t<a class=\"btn btn-style-bordered btn-shape-rectangle btn-size-extra-large btn-color-alt btn-icon-pos-right\"  href=\"https:\/\/djerkoulica.com\/index.php\/product\/djerko-ulica-t-shirt\/\">\n\t\t\t\t<span class=\"wd-btn-text\" data-elementor-setting-key=\"text\">\n\t\t\t\t\tODMAH KUPI OVDJE\t\t\t\t<\/span>\n\n\t\t\t\t\t\t\t<\/a>\n\t\t<\/div>\n\t\t\t\t\t\t<\/div>\n\t\t\t\t<\/div>\n\t\t\t\t\t<\/div>\n\t\t\t\t<\/div>\n\t\t<div class=\"wd-negative-gap elementor-element elementor-element-d6fc1e6 e-flex e-con-boxed e-con e-parent\" data-id=\"d6fc1e6\" data-element_type=\"container\">\n\t\t\t\t\t<div class=\"e-con-inner\">\n\t\t\t\t<div class=\"elementor-element elementor-element-65a6d84 elementor-widget elementor-widget-wd_image_or_svg\" data-id=\"65a6d84\" data-element_type=\"widget\" data-widget_type=\"wd_image_or_svg.default\">\n\t\t\t\t<div class=\"elementor-widget-container\">\n\t\t\t\t\t\n\t\t<div class=\"wd-image text-center\">\n\t\t\t\t\t\t\t\t<img fetchpriority=\"high\" decoding=\"async\" width=\"768\" height=\"512\" src=\"https:\/\/djerkoulica.com\/wp-content\/uploads\/2025\/05\/web-P1301810-768x512.jpg\" class=\"attachment-medium_large size-medium_large\" alt=\"\" srcset=\"https:\/\/djerkoulica.com\/wp-content\/uploads\/2025\/05\/web-P1301810-768x512.jpg 768w, https:\/\/djerkoulica.com\/wp-content\/uploads\/2025\/05\/web-P1301810-430x287.jpg 430w, https:\/\/djerkoulica.com\/wp-content\/uploads\/2025\/05\/web-P1301810-150x100.jpg 150w, https:\/\/djerkoulica.com\/wp-content\/uploads\/2025\/05\/web-P1301810-700x467.jpg 700w, https:\/\/djerkoulica.com\/wp-content\/uploads\/2025\/05\/web-P1301810-400x267.jpg 400w, https:\/\/djerkoulica.com\/wp-content\/uploads\/2025\/05\/web-P1301810-860x573.jpg 860w, https:\/\/djerkoulica.com\/wp-content\/uploads\/2025\/05\/web-P1301810.jpg 1200w\" sizes=\"(max-width: 768px) 100vw, 768px\" \/>\t\t\t\t\t<\/div>\n\n\t\t\t\t\t\t<\/div>\n\t\t\t\t<\/div>\n\t\t\t\t\t<\/div>\n\t\t\t\t<\/div>\n\t\t\t\t<\/div>\n\t\t","protected":false},"excerpt":{"rendered":"<p>Djerko Ulica nastavlja \u0161iriti svoju kreativnost i pozitivnu energiju, ovog puta kroz modni svijet. Limitirana kolekcija majici s motivom klokana,<\/p>\n","protected":false},"author":1,"featured_media":0,"parent":0,"menu_order":0,"comment_status":"closed","ping_status":"closed","template":"elementor_header_footer","meta":{"footnotes":""},"class_list":["post-15778","page","type-page","status-publish","hentry"],"_links":{"self":[{"href":"https:\/\/djerkoulica.com\/index.php\/wp-json\/wp\/v2\/pages\/15778","targetHints":{"allow":["GET"]}}],"collection":[{"href":"https:\/\/djerkoulica.com\/index.php\/wp-json\/wp\/v2\/pages"}],"about":[{"href":"https:\/\/djerkoulica.com\/index.php\/wp-json\/wp\/v2\/types\/page"}],"author":[{"embeddable":true,"href":"https:\/\/djerkoulica.com\/index.php\/wp-json\/wp\/v2\/users\/1"}],"replies":[{"embeddable":true,"href":"https:\/\/djerkoulica.com\/index.php\/wp-json\/wp\/v2\/comments?post=15778"}],"version-history":[{"count":16,"href":"https:\/\/djerkoulica.com\/index.php\/wp-json\/wp\/v2\/pages\/15778\/revisions"}],"predecessor-version":[{"id":15837,"href":"https:\/\/djerkoulica.com\/index.php\/wp-json\/wp\/v2\/pages\/15778\/revisions\/15837"}],"wp:attachment":[{"href":"https:\/\/djerkoulica.com\/index.php\/wp-json\/wp\/v2\/media?parent=15778"}],"curies":[{"name":"wp","href":"https:\/\/api.w.org\/{rel}","templated":true}]}}