{"id":4400,"date":"2021-10-12T15:51:09","date_gmt":"2021-10-12T15:51:09","guid":{"rendered":"http:\/\/dummy.xtemos.com\/woodmart2\/elementor\/?page_id=4400"},"modified":"2025-05-29T08:29:48","modified_gmt":"2025-05-29T08:29:48","slug":"djerko-ulica-t-shirt","status":"publish","type":"page","link":"https:\/\/djerkoulica.com\/index.php\/djerko-ulica-t-shirt\/","title":{"rendered":"DJERKO ULICA T-SHIRT"},"content":{"rendered":"\t\t<div data-elementor-type=\"wp-page\" data-elementor-id=\"4400\" class=\"elementor elementor-4400\">\n\t\t\t\t\t\t<section class=\"wd-negative-gap elementor-section elementor-top-section elementor-element elementor-element-30f4b337 elementor-section-content-middle wd-section-stretch elementor-section-boxed elementor-section-height-default elementor-section-height-default\" data-id=\"30f4b337\" data-element_type=\"section\" data-settings=\"{&quot;background_background&quot;:&quot;classic&quot;}\">\n\t\t\t\t\t\t<div class=\"elementor-container elementor-column-gap-extended\">\n\t\t\t\t\t<div class=\"elementor-column elementor-col-100 elementor-top-column elementor-element elementor-element-709130a2\" data-id=\"709130a2\" data-element_type=\"column\">\n\t\t\t<div class=\"elementor-widget-wrap elementor-element-populated\">\n\t\t\t\t\t\t<div class=\"elementor-element elementor-element-de6816b wd-width-100 elementor-widget elementor-widget-wd_title\" data-id=\"de6816b\" data-element_type=\"widget\" data-widget_type=\"wd_title.default\">\n\t\t\t\t<div class=\"elementor-widget-container\">\n\t\t\t\t\t\t\t<div class=\"title-wrapper wd-set-mb reset-last-child wd-title-color-primary wd-title-style-default wd-title-size-large text-center\">\n\n\t\t\t\n\t\t\t<div class=\"liner-continer\">\n\t\t\t\t<h4 class=\"woodmart-title-container title wd-fontsize-xxl\">AUTENTI\u010cNO, LOKALNO I URBANO<br \/>\nDJERKO ULICA PREDSTAVLJA PRVU MAJICU IZ VLASTITE KOLEKCIJE<\/h4> \n\t\t\t\t\t\t\t<\/div>\n\n\t\t\t\t\t<\/div>\n\t\t\t\t\t\t<\/div>\n\t\t\t\t<\/div>\n\t\t\t\t\t<\/div>\n\t\t<\/div>\n\t\t\t\t\t<\/div>\n\t\t<\/section>\n\t\t<div class=\"wd-negative-gap elementor-element elementor-element-a9e74d9 e-flex e-con-boxed e-con e-parent\" data-id=\"a9e74d9\" data-element_type=\"container\">\n\t\t\t\t\t<div class=\"e-con-inner\">\n\t\t\t\t<div class=\"elementor-element elementor-element-8b73fd0 elementor-widget elementor-widget-wd_image_or_svg\" data-id=\"8b73fd0\" data-element_type=\"widget\" data-widget_type=\"wd_image_or_svg.default\">\n\t\t\t\t<div class=\"elementor-widget-container\">\n\t\t\t\t\t\n\t\t<div class=\"wd-image text-center\">\n\t\t\t\t\t\t\t\t<img fetchpriority=\"high\" decoding=\"async\" width=\"800\" height=\"1200\" src=\"https:\/\/djerkoulica.com\/wp-content\/uploads\/2025\/05\/djerko-ulica-zagreb-freestyle-5.jpg\" class=\"attachment-full size-full\" alt=\"\" srcset=\"https:\/\/djerkoulica.com\/wp-content\/uploads\/2025\/05\/djerko-ulica-zagreb-freestyle-5.jpg 800w, https:\/\/djerkoulica.com\/wp-content\/uploads\/2025\/05\/djerko-ulica-zagreb-freestyle-5-200x300.jpg 200w, https:\/\/djerkoulica.com\/wp-content\/uploads\/2025\/05\/djerko-ulica-zagreb-freestyle-5-533x800.jpg 533w, https:\/\/djerkoulica.com\/wp-content\/uploads\/2025\/05\/djerko-ulica-zagreb-freestyle-5-768x1152.jpg 768w, https:\/\/djerkoulica.com\/wp-content\/uploads\/2025\/05\/djerko-ulica-zagreb-freestyle-5-430x645.jpg 430w, https:\/\/djerkoulica.com\/wp-content\/uploads\/2025\/05\/djerko-ulica-zagreb-freestyle-5-700x1050.jpg 700w, https:\/\/djerkoulica.com\/wp-content\/uploads\/2025\/05\/djerko-ulica-zagreb-freestyle-5-150x225.jpg 150w\" sizes=\"(max-width: 800px) 100vw, 800px\" \/>\t\t\t\t\t<\/div>\n\n\t\t\t\t\t\t<\/div>\n\t\t\t\t<\/div>\n\t\t\t\t\t<\/div>\n\t\t\t\t<\/div>\n\t\t<div class=\"wd-negative-gap elementor-element elementor-element-8641da9 e-flex e-con-boxed e-con e-parent\" data-id=\"8641da9\" data-element_type=\"container\">\n\t\t\t\t\t<div class=\"e-con-inner\">\n\t\t\t\t<div class=\"elementor-element elementor-element-706bcff elementor-widget elementor-widget-wd_text_block\" data-id=\"706bcff\" data-element_type=\"widget\" data-widget_type=\"wd_text_block.default\">\n\t\t\t\t<div class=\"elementor-widget-container\">\n\t\t\t\t\t\t\t<div class=\"wd-text-block reset-last-child text-left\">\n\t\t\t\n\t\t\t<p style=\"text-align: center; font-size: 16px; font-weight: bold;\">Djerko Ulica, zagreba\u010dki reper poznat po hitu <em>\"To ti je tak\"<\/em>, nastavlja \u0161iriti svoju kreativnu energiju, ovaj put kroz modni izri\u010daj. U suradnji s doma\u0107im stru\u010dnjacima iz raznih industrija, s ponosom predstavlja limitiranu kolekciju majica koje nose sna\u017enu poruku zajedni\u0161tva i ljubavi prema lokalnoj sceni. Ovaj projekt spaja glazbu, umjetnost i modni dizajn, reflektiraju\u0107i Djerkovu autenti\u010dnost i povezanost s hrvatskom kreativnom scenom.<\/p>\n\t\t\t\t\t<\/div>\n\t\t\t\t\t\t<\/div>\n\t\t\t\t<\/div>\n\t\t\t\t<div class=\"elementor-element elementor-element-2dcb682 elementor-widget elementor-widget-wd_image_or_svg\" data-id=\"2dcb682\" data-element_type=\"widget\" data-widget_type=\"wd_image_or_svg.default\">\n\t\t\t\t<div class=\"elementor-widget-container\">\n\t\t\t\t\t\n\t\t<div class=\"wd-image text-center\">\n\t\t\t\t\t\t\t\t<img decoding=\"async\" width=\"400\" height=\"121\" src=\"https:\/\/djerkoulica.com\/wp-content\/uploads\/2025\/05\/duo-logo-400x121.png\" class=\"attachment-400x size-400x\" alt=\"\" srcset=\"https:\/\/djerkoulica.com\/wp-content\/uploads\/2025\/05\/duo-logo-400x121.png 400w, https:\/\/djerkoulica.com\/wp-content\/uploads\/2025\/05\/duo-logo-430x130.png 430w, https:\/\/djerkoulica.com\/wp-content\/uploads\/2025\/05\/duo-logo-150x45.png 150w, https:\/\/djerkoulica.com\/wp-content\/uploads\/2025\/05\/duo-logo-300x91.png 300w, https:\/\/djerkoulica.com\/wp-content\/uploads\/2025\/05\/duo-logo-500x151.png 500w, https:\/\/djerkoulica.com\/wp-content\/uploads\/2025\/05\/duo-logo.png 669w\" sizes=\"(max-width: 400px) 100vw, 400px\" \/>\t\t\t\t\t<\/div>\n\n\t\t\t\t\t\t<\/div>\n\t\t\t\t<\/div>\n\t\t\t\t\t<\/div>\n\t\t\t\t<\/div>\n\t\t\t\t<section class=\"wd-negative-gap elementor-section elementor-top-section elementor-element elementor-element-52ee36d elementor-section-boxed elementor-section-height-default elementor-section-height-default\" data-id=\"52ee36d\" data-element_type=\"section\">\n\t\t\t\t\t\t<div class=\"elementor-container elementor-column-gap-default\">\n\t\t\t\t\t<div class=\"elementor-column elementor-col-100 elementor-top-column elementor-element elementor-element-6a9942c2\" data-id=\"6a9942c2\" data-element_type=\"column\">\n\t\t\t<div class=\"elementor-widget-wrap elementor-element-populated\">\n\t\t\t\t\t\t<div class=\"elementor-element elementor-element-a4579c8 elementor-widget elementor-widget-wd_image_or_svg\" data-id=\"a4579c8\" data-element_type=\"widget\" data-widget_type=\"wd_image_or_svg.default\">\n\t\t\t\t<div class=\"elementor-widget-container\">\n\t\t\t\t\t\n\t\t<div class=\"wd-image text-center\">\n\t\t\t\t\t\t\t\t<img decoding=\"async\" width=\"800\" height=\"1200\" src=\"https:\/\/djerkoulica.com\/wp-content\/uploads\/2025\/05\/djerko-ulica-zagreb-freestyle-4.jpg\" class=\"attachment-full size-full\" alt=\"\" srcset=\"https:\/\/djerkoulica.com\/wp-content\/uploads\/2025\/05\/djerko-ulica-zagreb-freestyle-4.jpg 800w, https:\/\/djerkoulica.com\/wp-content\/uploads\/2025\/05\/djerko-ulica-zagreb-freestyle-4-200x300.jpg 200w, https:\/\/djerkoulica.com\/wp-content\/uploads\/2025\/05\/djerko-ulica-zagreb-freestyle-4-533x800.jpg 533w, https:\/\/djerkoulica.com\/wp-content\/uploads\/2025\/05\/djerko-ulica-zagreb-freestyle-4-768x1152.jpg 768w, https:\/\/djerkoulica.com\/wp-content\/uploads\/2025\/05\/djerko-ulica-zagreb-freestyle-4-430x645.jpg 430w, https:\/\/djerkoulica.com\/wp-content\/uploads\/2025\/05\/djerko-ulica-zagreb-freestyle-4-700x1050.jpg 700w, https:\/\/djerkoulica.com\/wp-content\/uploads\/2025\/05\/djerko-ulica-zagreb-freestyle-4-150x225.jpg 150w\" sizes=\"(max-width: 800px) 100vw, 800px\" \/>\t\t\t\t\t<\/div>\n\n\t\t\t\t\t\t<\/div>\n\t\t\t\t<\/div>\n\t\t\t\t<div class=\"elementor-element elementor-element-72eb1c7 elementor-widget elementor-widget-wd_text_block\" data-id=\"72eb1c7\" data-element_type=\"widget\" data-widget_type=\"wd_text_block.default\">\n\t\t\t\t<div class=\"elementor-widget-container\">\n\t\t\t\t\t\t\t<div class=\"wd-text-block reset-last-child text-left\">\n\t\t\t\n\t\t\t<h1 style=\"text-align: center;text-transform:uppercase; font-size: 50px;\">Pri\u010da o klokanu i mladom ilustratoru<\/h1>\n<p style=\"text-align: center; font-size: 16px; font-weight: bold;\">Jedan od prepoznatljivih simbola Djerka Ulice je klokan, \u017eivotinja koja simbolizira snagu, otpornost i skakanje prema uspjehu. Djerko je klokana dao istetovirati na listu desne noge kao osobnu simboliku, a pravu poveznicu s modnom kolekcijom stvorio je kad je upoznao mladog i talentiranog zagreba\u010dkog ilustratora Renata \u0160tedula. Na\u0161li su se na istoj valnoj duljini - strasti prema stvaranju i lokalnim pri\u010dama. Nakon \u0161to je ilustrator stvorio upe\u010datljivu ilustraciju klokana, Djerko je odlu\u010dio da \u0107e taj motiv postati sredi\u0161nji dio dizajna prve majice iz kolekcije, dodaju\u0107i joj osobnu i emotivnu dimenziju.<\/p>\n\t\t\t\t\t<\/div>\n\t\t\t\t\t\t<\/div>\n\t\t\t\t<\/div>\n\t\t\t\t\t<\/div>\n\t\t<\/div>\n\t\t\t\t\t<\/div>\n\t\t<\/section>\n\t\t<div class=\"wd-negative-gap elementor-element elementor-element-cf9f859 e-flex e-con-boxed e-con e-parent\" data-id=\"cf9f859\" data-element_type=\"container\">\n\t\t\t\t\t<div class=\"e-con-inner\">\n\t\t\t\t<div class=\"elementor-element elementor-element-6c2164b elementor-widget elementor-widget-wd_image_or_svg\" data-id=\"6c2164b\" data-element_type=\"widget\" data-widget_type=\"wd_image_or_svg.default\">\n\t\t\t\t<div class=\"elementor-widget-container\">\n\t\t\t\t\t\n\t\t<div class=\"wd-image text-center\">\n\t\t\t\t\t\t\t\t<img loading=\"lazy\" decoding=\"async\" width=\"800\" height=\"1200\" src=\"https:\/\/djerkoulica.com\/wp-content\/uploads\/2025\/05\/djerko-ulica-zagreb-freestyle-2-1.jpg\" class=\"attachment-full size-full\" alt=\"\" srcset=\"https:\/\/djerkoulica.com\/wp-content\/uploads\/2025\/05\/djerko-ulica-zagreb-freestyle-2-1.jpg 800w, https:\/\/djerkoulica.com\/wp-content\/uploads\/2025\/05\/djerko-ulica-zagreb-freestyle-2-1-200x300.jpg 200w, https:\/\/djerkoulica.com\/wp-content\/uploads\/2025\/05\/djerko-ulica-zagreb-freestyle-2-1-533x800.jpg 533w, https:\/\/djerkoulica.com\/wp-content\/uploads\/2025\/05\/djerko-ulica-zagreb-freestyle-2-1-768x1152.jpg 768w, https:\/\/djerkoulica.com\/wp-content\/uploads\/2025\/05\/djerko-ulica-zagreb-freestyle-2-1-430x645.jpg 430w, https:\/\/djerkoulica.com\/wp-content\/uploads\/2025\/05\/djerko-ulica-zagreb-freestyle-2-1-700x1050.jpg 700w, https:\/\/djerkoulica.com\/wp-content\/uploads\/2025\/05\/djerko-ulica-zagreb-freestyle-2-1-150x225.jpg 150w\" sizes=\"(max-width: 800px) 100vw, 800px\" \/>\t\t\t\t\t<\/div>\n\n\t\t\t\t\t\t<\/div>\n\t\t\t\t<\/div>\n\t\t\t\t\t<\/div>\n\t\t\t\t<\/div>\n\t\t<div class=\"wd-negative-gap elementor-element elementor-element-4f05567 e-flex e-con-boxed e-con e-parent\" data-id=\"4f05567\" data-element_type=\"container\">\n\t\t\t\t\t<div class=\"e-con-inner\">\n\t\t\t\t<div class=\"elementor-element elementor-element-9bcdce1 elementor-widget elementor-widget-wd_text_block\" data-id=\"9bcdce1\" data-element_type=\"widget\" data-widget_type=\"wd_text_block.default\">\n\t\t\t\t<div class=\"elementor-widget-container\">\n\t\t\t\t\t\t\t<div class=\"wd-text-block reset-last-child text-left\">\n\t\t\t\n\t\t\t<h1 style=\"text-align: center; font-size: 50px; text-transform: uppercase;\">\u00a0majice u suradnji s lokalnom zajednicom<\/h1><p style=\"text-align: center; font-size: 16px; font-weight: bold;\">Djerko Ulica ne samo da promovira svoju glazbu, ve\u0107 i podr\u017eava hrvatske talente kroz svaki aspekt ovog projekta. Ponosan je \u0161to cijeli lanac dobave odra\u0111uju doma\u0107i proizvo\u0111a\u010di i kreativci:<\/p><ul style=\"text-align: center; list-style-type: none;\"><li><strong>Ilustracija: <\/strong>Renato \u0160tedul, Zagreb - Dubrava<\/li><li><strong>Dizajn i branding<\/strong>: Vizualni identitet majica kreiran je u suradnji s Antom Mazganom iz tvrtke <em>Afekt d.o.o.<\/em>, Zagreb - Centar<\/li><li><strong>Krojenje i \u0161ivanje<\/strong>: Majice su pa\u017eljivo krojene i \u0161ivane u <em>MULTITEKS-u<\/em>, kroja\u010dko-trgova\u010dkom obrtu, Zagreb - Savski gaj<\/li><li><strong>U\u0161ivne etikete<\/strong>: Detalje na majicama, poput u\u0161ivnih etiketa, izradila je tvrtka <em>METIS d.o.o.<\/em>, smje\u0161tena u Zagreb - Kusto\u0161ija<\/li><li><strong>Tisak<\/strong>: Za tisak majica zaslu\u017ena je tvrtka <em>\u0160imic &amp; Co d.o.o.<\/em>, Krapina - \u017dutnica<\/li><li><strong>Fotografije:<\/strong> Miro Martini\u0107, umjetni\u010dki fotograf, Zagreb - Pe\u0161\u0107enica<\/li><\/ul>\n\t\t\t\t\t<\/div>\n\t\t\t\t\t\t<\/div>\n\t\t\t\t<\/div>\n\t\t\t\t\t<\/div>\n\t\t\t\t<\/div>\n\t\t\t\t<\/div>\n\t\t","protected":false},"excerpt":{"rendered":"<p>AUTENTI\u010cNO, LOKALNO I URBANO DJERKO ULICA PREDSTAVLJA PRVU MAJICU IZ VLASTITE KOLEKCIJE Djerko Ulica, zagreba\u010dki reper poznat po hitu &#8220;To<\/p>\n","protected":false},"author":1,"featured_media":0,"parent":0,"menu_order":0,"comment_status":"closed","ping_status":"closed","template":"","meta":{"footnotes":""},"class_list":["post-4400","page","type-page","status-publish","hentry"],"_links":{"self":[{"href":"https:\/\/djerkoulica.com\/index.php\/wp-json\/wp\/v2\/pages\/4400","targetHints":{"allow":["GET"]}}],"collection":[{"href":"https:\/\/djerkoulica.com\/index.php\/wp-json\/wp\/v2\/pages"}],"about":[{"href":"https:\/\/djerkoulica.com\/index.php\/wp-json\/wp\/v2\/types\/page"}],"author":[{"embeddable":true,"href":"https:\/\/djerkoulica.com\/index.php\/wp-json\/wp\/v2\/users\/1"}],"replies":[{"embeddable":true,"href":"https:\/\/djerkoulica.com\/index.php\/wp-json\/wp\/v2\/comments?post=4400"}],"version-history":[{"count":28,"href":"https:\/\/djerkoulica.com\/index.php\/wp-json\/wp\/v2\/pages\/4400\/revisions"}],"predecessor-version":[{"id":15846,"href":"https:\/\/djerkoulica.com\/index.php\/wp-json\/wp\/v2\/pages\/4400\/revisions\/15846"}],"wp:attachment":[{"href":"https:\/\/djerkoulica.com\/index.php\/wp-json\/wp\/v2\/media?parent=4400"}],"curies":[{"name":"wp","href":"https:\/\/api.w.org\/{rel}","templated":true}]}}